{"id":1091,"date":"2026-02-09T12:02:57","date_gmt":"2026-02-09T12:02:57","guid":{"rendered":"https:\/\/fisioterapiasantfeliu.com\/?page_id=1091"},"modified":"2026-02-09T12:07:44","modified_gmt":"2026-02-09T12:07:44","slug":"politica-privacitat","status":"publish","type":"page","link":"https:\/\/fisioterapiasantfeliu.com\/es\/politica-privacitat\/","title":{"rendered":"Pol\u00edtica de Privacitat"},"content":{"rendered":"<div data-elementor-type=\"wp-page\" data-elementor-id=\"1091\" class=\"elementor elementor-1091\">\n\t\t\t\t<div class=\"elementor-element elementor-element-6ba7da41 e-flex e-con-boxed e-con e-parent\" data-id=\"6ba7da41\" data-element_type=\"container\" data-e-type=\"container\">\n\t\t\t\t\t<div class=\"e-con-inner\">\n\t\t\t\t<div class=\"elementor-element elementor-element-2a1ccfe3 elementor-widget elementor-widget-heading\" data-id=\"2a1ccfe3\" data-element_type=\"widget\" data-e-type=\"widget\" data-widget_type=\"heading.default\">\n\t\t\t\t<div class=\"elementor-widget-container\">\n\t\t\t\t\t<h2 class=\"elementor-heading-title elementor-size-default\">POL\u00cdTICA DE PRIVACIDAD<\/h2>\t\t\t\t<\/div>\n\t\t\t\t<\/div>\n\t\t\t\t<div class=\"elementor-element elementor-element-339189a elementor-widget elementor-widget-heading\" data-id=\"339189a\" data-element_type=\"widget\" data-e-type=\"widget\" data-widget_type=\"heading.default\">\n\t\t\t\t<div class=\"elementor-widget-container\">\n\t\t\t\t\t<h2 class=\"elementor-heading-title elementor-size-default\">1. Responsable del tractament<\/h2>\t\t\t\t<\/div>\n\t\t\t\t<\/div>\n\t\t\t\t<div class=\"elementor-element elementor-element-25490347 elementor-widget__width-initial elementor-widget elementor-widget-text-editor\" data-id=\"25490347\" data-element_type=\"widget\" data-e-type=\"widget\" data-widget_type=\"text-editor.default\">\n\t\t\t\t<div class=\"elementor-widget-container\">\n\t\t\t\t\t\t\t\t\t<ul><li data-start=\"3133\" data-end=\"3182\"><p data-start=\"3135\" data-end=\"3182\"><strong data-start=\"3135\" data-end=\"3151\">Responsable:<\/strong> FISIOTERAPIA SANT FELIU<\/p><\/li><li data-start=\"3183\" data-end=\"3201\"><p data-start=\"3185\" data-end=\"3201\"><strong data-start=\"3185\" data-end=\"3193\">NIF:<\/strong> 46683313Y<\/p><\/li><li data-start=\"3202\" data-end=\"3295\"><p data-start=\"3204\" data-end=\"3295\"><strong data-start=\"3204\" data-end=\"3217\">Domicili:<\/strong> Carrer de la Rectoria, 25, baixos, 08980 Sant Feliu de Llobregat, Barcelona<\/p><\/li><li data-start=\"3296\" data-end=\"3344\"><p data-start=\"3298\" data-end=\"3344\"><strong data-start=\"3298\" data-end=\"3308\">Email:<\/strong> <a class=\"decorated-link cursor-pointer\" rel=\"noopener\" data-start=\"3309\" data-end=\"3342\">fisioterapiasantfeliu@hotmail.com<\/a><\/p><\/li><\/ul>\t\t\t\t\t\t\t\t<\/div>\n\t\t\t\t<\/div>\n\t\t\t\t<div class=\"elementor-element elementor-element-467f7bf3 elementor-widget elementor-widget-heading\" data-id=\"467f7bf3\" data-element_type=\"widget\" data-e-type=\"widget\" data-widget_type=\"heading.default\">\n\t\t\t\t<div class=\"elementor-widget-container\">\n\t\t\t\t\t<h2 class=\"elementor-heading-title elementor-size-default\">2. Finalitat del tractament<\/h2>\t\t\t\t<\/div>\n\t\t\t\t<\/div>\n\t\t\t\t<div class=\"elementor-element elementor-element-4a0d220b elementor-widget__width-initial elementor-widget elementor-widget-text-editor\" data-id=\"4a0d220b\" data-element_type=\"widget\" data-e-type=\"widget\" data-widget_type=\"text-editor.default\">\n\t\t\t\t<div class=\"elementor-widget-container\">\n\t\t\t\t\t\t\t\t\t<p data-start=\"3383\" data-end=\"3475\">Les dades personals recollides a trav\u00e9s del lloc web es tracten amb les seg\u00fcents finalitats:<\/p><ul data-start=\"3477\" data-end=\"3619\"><li data-start=\"3477\" data-end=\"3546\"><p data-start=\"3479\" data-end=\"3546\">Atendre consultes realitzades mitjan\u00e7ant el formulari de contacte<\/p><\/li><li data-start=\"3547\" data-end=\"3590\"><p data-start=\"3549\" data-end=\"3590\">Gestionar comunicacions amb els usuaris<\/p><\/li><li data-start=\"3591\" data-end=\"3619\"><p data-start=\"3593\" data-end=\"3619\">Complir obligacions legals<\/p><\/li><\/ul>\t\t\t\t\t\t\t\t<\/div>\n\t\t\t\t<\/div>\n\t\t\t\t<div class=\"elementor-element elementor-element-6f6f3c60 elementor-widget elementor-widget-heading\" data-id=\"6f6f3c60\" data-element_type=\"widget\" data-e-type=\"widget\" data-widget_type=\"heading.default\">\n\t\t\t\t<div class=\"elementor-widget-container\">\n\t\t\t\t\t<h2 class=\"elementor-heading-title elementor-size-default\">3. Base legal<\/h2>\t\t\t\t<\/div>\n\t\t\t\t<\/div>\n\t\t\t\t<div class=\"elementor-element elementor-element-5bbfd3e9 elementor-widget__width-initial elementor-widget elementor-widget-text-editor\" data-id=\"5bbfd3e9\" data-element_type=\"widget\" data-e-type=\"widget\" data-widget_type=\"text-editor.default\">\n\t\t\t\t<div class=\"elementor-widget-container\">\n\t\t\t\t\t\t\t\t\t<p data-start=\"395\" data-end=\"571\">La base legal per al tractament de les dades \u00e9s el <strong data-start=\"3695\" data-end=\"3723\">consentiment de l\u2019usuari<\/strong>, atorgat mitjan\u00e7ant els formularis del lloc web.<\/p>\t\t\t\t\t\t\t\t<\/div>\n\t\t\t\t<\/div>\n\t\t\t\t<div class=\"elementor-element elementor-element-31beef72 elementor-widget elementor-widget-heading\" data-id=\"31beef72\" data-element_type=\"widget\" data-e-type=\"widget\" data-widget_type=\"heading.default\">\n\t\t\t\t<div class=\"elementor-widget-container\">\n\t\t\t\t\t<h2 class=\"elementor-heading-title elementor-size-default\">4. Conservaci\u00f3 de les dades<\/h2>\t\t\t\t<\/div>\n\t\t\t\t<\/div>\n\t\t\t\t<div class=\"elementor-element elementor-element-4d26d3a4 elementor-widget__width-initial elementor-widget elementor-widget-text-editor\" data-id=\"4d26d3a4\" data-element_type=\"widget\" data-e-type=\"widget\" data-widget_type=\"text-editor.default\">\n\t\t\t\t<div class=\"elementor-widget-container\">\n\t\t\t\t\t\t\t\t\t<p data-start=\"395\" data-end=\"571\">Les dades es conservaran durant el temps necessari per complir la finalitat per la qual es van recollir o mentre existeixin obligacions legals.<\/p>\t\t\t\t\t\t\t\t<\/div>\n\t\t\t\t<\/div>\n\t\t\t\t<div class=\"elementor-element elementor-element-266c3546 elementor-widget elementor-widget-heading\" data-id=\"266c3546\" data-element_type=\"widget\" data-e-type=\"widget\" data-widget_type=\"heading.default\">\n\t\t\t\t<div class=\"elementor-widget-container\">\n\t\t\t\t\t<h2 class=\"elementor-heading-title elementor-size-default\">5. Destinataris de les dades<\/h2>\t\t\t\t<\/div>\n\t\t\t\t<\/div>\n\t\t\t\t<div class=\"elementor-element elementor-element-1af0d3c1 elementor-widget__width-initial elementor-widget elementor-widget-text-editor\" data-id=\"1af0d3c1\" data-element_type=\"widget\" data-e-type=\"widget\" data-widget_type=\"text-editor.default\">\n\t\t\t\t<div class=\"elementor-widget-container\">\n\t\t\t\t\t\t\t\t\t<p data-start=\"395\" data-end=\"571\">No es cediran dades a tercers, excepte obligaci\u00f3 legal.<\/p>\t\t\t\t\t\t\t\t<\/div>\n\t\t\t\t<\/div>\n\t\t\t\t<div class=\"elementor-element elementor-element-6e05d8c elementor-widget elementor-widget-heading\" data-id=\"6e05d8c\" data-element_type=\"widget\" data-e-type=\"widget\" data-widget_type=\"heading.default\">\n\t\t\t\t<div class=\"elementor-widget-container\">\n\t\t\t\t\t<h2 class=\"elementor-heading-title elementor-size-default\">6. Drets de l\u2019usuari<\/h2>\t\t\t\t<\/div>\n\t\t\t\t<\/div>\n\t\t\t\t<div class=\"elementor-element elementor-element-7cedad96 elementor-widget__width-initial elementor-widget elementor-widget-text-editor\" data-id=\"7cedad96\" data-element_type=\"widget\" data-e-type=\"widget\" data-widget_type=\"text-editor.default\">\n\t\t\t\t<div class=\"elementor-widget-container\">\n\t\t\t\t\t\t\t\t\t<p data-start=\"4081\" data-end=\"4121\">L\u2019usuari pot exercir els seg\u00fcents drets:<\/p><ul data-start=\"4123\" data-end=\"4222\"><li data-start=\"4123\" data-end=\"4132\"><p data-start=\"4125\" data-end=\"4132\">Acc\u00e9s<\/p><\/li><li data-start=\"4133\" data-end=\"4149\"><p data-start=\"4135\" data-end=\"4149\">Rectificaci\u00f3<\/p><\/li><li data-start=\"4150\" data-end=\"4163\"><p data-start=\"4152\" data-end=\"4163\">Supressi\u00f3<\/p><\/li><li data-start=\"4164\" data-end=\"4192\"><p data-start=\"4166\" data-end=\"4192\">Limitaci\u00f3 del tractament<\/p><\/li><li data-start=\"4193\" data-end=\"4205\"><p data-start=\"4195\" data-end=\"4205\">Oposici\u00f3<\/p><\/li><li data-start=\"4206\" data-end=\"4222\"><p data-start=\"4208\" data-end=\"4222\">Portabilitat<\/p><\/li><\/ul><p data-start=\"4224\" data-end=\"4298\">Mitjan\u00e7ant sol\u00b7licitud escrita a:<br \/>\ud83d\udce7 <strong data-start=\"4261\" data-end=\"4298\"><a class=\"decorated-link cursor-pointer\" rel=\"noopener\" data-start=\"4263\" data-end=\"4296\">fisioterapiasantfeliu@hotmail.com<\/a><\/strong><\/p>\t\t\t\t\t\t\t\t<\/div>\n\t\t\t\t<\/div>\n\t\t\t\t<div class=\"elementor-element elementor-element-ee74c20 elementor-widget elementor-widget-heading\" data-id=\"ee74c20\" data-element_type=\"widget\" data-e-type=\"widget\" data-widget_type=\"heading.default\">\n\t\t\t\t<div class=\"elementor-widget-container\">\n\t\t\t\t\t<h2 class=\"elementor-heading-title elementor-size-default\">7. Mesures de seguretat<\/h2>\t\t\t\t<\/div>\n\t\t\t\t<\/div>\n\t\t\t\t<div class=\"elementor-element elementor-element-13b9aa8 elementor-widget__width-initial elementor-widget elementor-widget-text-editor\" data-id=\"13b9aa8\" data-element_type=\"widget\" data-e-type=\"widget\" data-widget_type=\"text-editor.default\">\n\t\t\t\t<div class=\"elementor-widget-container\">\n\t\t\t\t\t\t\t\t\t<p data-start=\"395\" data-end=\"571\">El responsable aplica mesures t\u00e8cniques i organitzatives adequades per garantir la seguretat i confidencialitat de les dades.<\/p>\t\t\t\t\t\t\t\t<\/div>\n\t\t\t\t<\/div>\n\t\t\t\t<div class=\"elementor-element elementor-element-23beb98 elementor-widget elementor-widget-heading\" data-id=\"23beb98\" data-element_type=\"widget\" data-e-type=\"widget\" data-widget_type=\"heading.default\">\n\t\t\t\t<div class=\"elementor-widget-container\">\n\t\t\t\t\t<h2 class=\"elementor-heading-title elementor-size-default\">8. Canvis en la pol\u00edtica de privacitat<\/h2>\t\t\t\t<\/div>\n\t\t\t\t<\/div>\n\t\t\t\t<div class=\"elementor-element elementor-element-9caf0b4 elementor-widget__width-initial elementor-widget elementor-widget-text-editor\" data-id=\"9caf0b4\" data-element_type=\"widget\" data-e-type=\"widget\" data-widget_type=\"text-editor.default\">\n\t\t\t\t<div class=\"elementor-widget-container\">\n\t\t\t\t\t\t\t\t\t<p data-start=\"395\" data-end=\"571\">El responsable es reserva el dret a modificar la present pol\u00edtica per adaptar-la a canvis legislatius.<\/p>\t\t\t\t\t\t\t\t<\/div>\n\t\t\t\t<\/div>\n\t\t\t\t\t<\/div>\n\t\t\t\t<\/div>\n\t\t\t\t<\/div>","protected":false},"excerpt":{"rendered":"<p>POL\u00cdTICA DE PRIVACITAT 1. Responsable del tractament Responsable: FISIOTERAPIA SANT FELIU NIF: 46683313Y Domicili: Carrer de la Rectoria, 25, baixos, 08980 Sant Feliu de Llobregat, Barcelona Email: fisioterapiasantfeliu@hotmail.com 2. Finalitat del tractament Les dades personals recollides a trav\u00e9s del lloc web es tracten amb les seg\u00fcents finalitats: Atendre consultes realitzades mitjan\u00e7ant el formulari de contacte [&hellip;]<\/p>\n","protected":false},"author":1,"featured_media":0,"parent":0,"menu_order":0,"comment_status":"closed","ping_status":"closed","template":"elementor_header_footer","meta":{"footnotes":""},"class_list":["post-1091","page","type-page","status-publish","hentry"],"_links":{"self":[{"href":"https:\/\/fisioterapiasantfeliu.com\/es\/wp-json\/wp\/v2\/pages\/1091","targetHints":{"allow":["GET"]}}],"collection":[{"href":"https:\/\/fisioterapiasantfeliu.com\/es\/wp-json\/wp\/v2\/pages"}],"about":[{"href":"https:\/\/fisioterapiasantfeliu.com\/es\/wp-json\/wp\/v2\/types\/page"}],"author":[{"embeddable":true,"href":"https:\/\/fisioterapiasantfeliu.com\/es\/wp-json\/wp\/v2\/users\/1"}],"replies":[{"embeddable":true,"href":"https:\/\/fisioterapiasantfeliu.com\/es\/wp-json\/wp\/v2\/comments?post=1091"}],"version-history":[{"count":5,"href":"https:\/\/fisioterapiasantfeliu.com\/es\/wp-json\/wp\/v2\/pages\/1091\/revisions"}],"predecessor-version":[{"id":1113,"href":"https:\/\/fisioterapiasantfeliu.com\/es\/wp-json\/wp\/v2\/pages\/1091\/revisions\/1113"}],"wp:attachment":[{"href":"https:\/\/fisioterapiasantfeliu.com\/es\/wp-json\/wp\/v2\/media?parent=1091"}],"curies":[{"name":"wp","href":"https:\/\/api.w.org\/{rel}","templated":true}]}}