{"id":1039,"date":"2026-02-09T11:20:58","date_gmt":"2026-02-09T11:20:58","guid":{"rendered":"https:\/\/fisioterapiasantfeliu.com\/?page_id=1039"},"modified":"2026-02-09T12:31:56","modified_gmt":"2026-02-09T12:31:56","slug":"avis-legal","status":"publish","type":"page","link":"https:\/\/fisioterapiasantfeliu.com\/es\/avis-legal\/","title":{"rendered":"Av\u00eds Legal"},"content":{"rendered":"<div data-elementor-type=\"wp-page\" data-elementor-id=\"1039\" class=\"elementor elementor-1039\">\n\t\t\t\t<div class=\"elementor-element elementor-element-a8c0a98 e-flex e-con-boxed e-con e-parent\" data-id=\"a8c0a98\" data-element_type=\"container\" data-e-type=\"container\">\n\t\t\t\t\t<div class=\"e-con-inner\">\n\t\t\t\t<div class=\"elementor-element elementor-element-4ca785a elementor-widget elementor-widget-heading\" data-id=\"4ca785a\" data-element_type=\"widget\" data-e-type=\"widget\" data-widget_type=\"heading.default\">\n\t\t\t\t<div class=\"elementor-widget-container\">\n\t\t\t\t\t<h2 class=\"elementor-heading-title elementor-size-default\">AVISO LEGAL<\/h2>\t\t\t\t<\/div>\n\t\t\t\t<\/div>\n\t\t\t\t<div class=\"elementor-element elementor-element-f0f6365 elementor-widget elementor-widget-heading\" data-id=\"f0f6365\" data-element_type=\"widget\" data-e-type=\"widget\" data-widget_type=\"heading.default\">\n\t\t\t\t<div class=\"elementor-widget-container\">\n\t\t\t\t\t<h2 class=\"elementor-heading-title elementor-size-default\">1. Dades identificatives<\/h2>\t\t\t\t<\/div>\n\t\t\t\t<\/div>\n\t\t\t\t<div class=\"elementor-element elementor-element-af4d97c elementor-widget__width-initial elementor-widget elementor-widget-text-editor\" data-id=\"af4d97c\" data-element_type=\"widget\" data-e-type=\"widget\" data-widget_type=\"text-editor.default\">\n\t\t\t\t<div class=\"elementor-widget-container\">\n\t\t\t\t\t\t\t\t\t<p data-start=\"395\" data-end=\"571\">En compliment del que estableix la <strong data-start=\"430\" data-end=\"446\">Llei 34\/2002<\/strong>, de serveis de la societat de la informaci\u00f3 i de comer\u00e7 electr\u00f2nic (LSSI-CE), s\u2019informa que aquest lloc web \u00e9s propietat de:<\/p><ul data-start=\"573\" data-end=\"886\"><li data-start=\"573\" data-end=\"618\"><p data-start=\"575\" data-end=\"618\"><strong data-start=\"575\" data-end=\"587\">Titular:<\/strong> FISIOTERAPIA SANT FELIU<\/p><\/li><li data-start=\"619\" data-end=\"641\"><p data-start=\"621\" data-end=\"641\"><strong data-start=\"621\" data-end=\"633\">NIF\/CIF:<\/strong> 46683313Y<\/p><\/li><li data-start=\"642\" data-end=\"735\"><p data-start=\"644\" data-end=\"735\"><strong data-start=\"644\" data-end=\"657\">Domicili:<\/strong> Carrer de la Rectoria, 25, baixos, 08980 Sant Feliu de Llobregat, Barcelona<\/p><\/li><li data-start=\"736\" data-end=\"764\"><p data-start=\"738\" data-end=\"764\"><strong data-start=\"738\" data-end=\"750\">Tel\u00e8fon:<\/strong> 658 100 991<\/p><\/li><li data-start=\"765\" data-end=\"825\"><p data-start=\"767\" data-end=\"825\"><strong data-start=\"767\" data-end=\"789\">Correu electr\u00f2nic:<\/strong> <a class=\"decorated-link cursor-pointer\" rel=\"noopener\" data-start=\"790\" data-end=\"823\">fisioterapiasantfeliu@hotmail.com<\/a><\/p><\/li><li data-start=\"826\" data-end=\"886\"><p data-start=\"828\" data-end=\"886\"><strong data-start=\"828\" data-end=\"842\">Activitat:<\/strong> Cl\u00ednica de fisioter\u00e0pia i serveis sanitaris<\/p><\/li><\/ul>\t\t\t\t\t\t\t\t<\/div>\n\t\t\t\t<\/div>\n\t\t\t\t<div class=\"elementor-element elementor-element-f45bafa elementor-widget elementor-widget-heading\" data-id=\"f45bafa\" data-element_type=\"widget\" data-e-type=\"widget\" data-widget_type=\"heading.default\">\n\t\t\t\t<div class=\"elementor-widget-container\">\n\t\t\t\t\t<h2 class=\"elementor-heading-title elementor-size-default\">2. Objecte<\/h2>\t\t\t\t<\/div>\n\t\t\t\t<\/div>\n\t\t\t\t<div class=\"elementor-element elementor-element-05aa710 elementor-widget__width-initial elementor-widget elementor-widget-text-editor\" data-id=\"05aa710\" data-element_type=\"widget\" data-e-type=\"widget\" data-widget_type=\"text-editor.default\">\n\t\t\t\t<div class=\"elementor-widget-container\">\n\t\t\t\t\t\t\t\t\t<p data-start=\"395\" data-end=\"571\">El present lloc web t\u00e9 com a objectiu facilitar informaci\u00f3 sobre els serveis de fisioter\u00e0pia, rehabilitaci\u00f3 i salut oferts per <strong data-start=\"1035\" data-end=\"1062\">Fisioter\u00e0pia Sant Feliu<\/strong>, aix\u00ed com permetre el contacte amb els usuaris.<\/p>\t\t\t\t\t\t\t\t<\/div>\n\t\t\t\t<\/div>\n\t\t\t\t<div class=\"elementor-element elementor-element-987ff8c elementor-widget elementor-widget-heading\" data-id=\"987ff8c\" data-element_type=\"widget\" data-e-type=\"widget\" data-widget_type=\"heading.default\">\n\t\t\t\t<div class=\"elementor-widget-container\">\n\t\t\t\t\t<h2 class=\"elementor-heading-title elementor-size-default\">3. Condicions d\u2019\u00fas<\/h2>\t\t\t\t<\/div>\n\t\t\t\t<\/div>\n\t\t\t\t<div class=\"elementor-element elementor-element-42f3c5e elementor-widget__width-initial elementor-widget elementor-widget-text-editor\" data-id=\"42f3c5e\" data-element_type=\"widget\" data-e-type=\"widget\" data-widget_type=\"text-editor.default\">\n\t\t\t\t<div class=\"elementor-widget-container\">\n\t\t\t\t\t\t\t\t\t<p data-start=\"395\" data-end=\"571\">L\u2019acc\u00e9s i \u00fas del lloc web atribueix la condici\u00f3 d\u2019usuari, implicant l\u2019acceptaci\u00f3 plena de les presents condicions. L\u2019usuari es compromet a fer un \u00fas adequat del contingut i a no utilitzar-lo amb finalitats il\u00b7l\u00edcites.<\/p>\t\t\t\t\t\t\t\t<\/div>\n\t\t\t\t<\/div>\n\t\t\t\t<div class=\"elementor-element elementor-element-a315b0f elementor-widget elementor-widget-heading\" data-id=\"a315b0f\" data-element_type=\"widget\" data-e-type=\"widget\" data-widget_type=\"heading.default\">\n\t\t\t\t<div class=\"elementor-widget-container\">\n\t\t\t\t\t<h2 class=\"elementor-heading-title elementor-size-default\">4. Propietat intel\u00b7lectual i industrial<\/h2>\t\t\t\t<\/div>\n\t\t\t\t<\/div>\n\t\t\t\t<div class=\"elementor-element elementor-element-e13b608 elementor-widget__width-initial elementor-widget elementor-widget-text-editor\" data-id=\"e13b608\" data-element_type=\"widget\" data-e-type=\"widget\" data-widget_type=\"text-editor.default\">\n\t\t\t\t<div class=\"elementor-widget-container\">\n\t\t\t\t\t\t\t\t\t<p data-start=\"395\" data-end=\"571\">Tots els continguts del lloc web (textos, imatges, logotips, disseny, estructura, etc.) s\u00f3n titularitat de <strong data-start=\"1517\" data-end=\"1544\">Fisioter\u00e0pia Sant Feliu<\/strong> o disposa dels drets d\u2019\u00fas corresponents, quedant prohibida la seva reproducci\u00f3 sense autoritzaci\u00f3 expressa.<\/p>\t\t\t\t\t\t\t\t<\/div>\n\t\t\t\t<\/div>\n\t\t\t\t<div class=\"elementor-element elementor-element-1acbb74 elementor-widget elementor-widget-heading\" data-id=\"1acbb74\" data-element_type=\"widget\" data-e-type=\"widget\" data-widget_type=\"heading.default\">\n\t\t\t\t<div class=\"elementor-widget-container\">\n\t\t\t\t\t<h2 class=\"elementor-heading-title elementor-size-default\">5. Responsabilitat<\/h2>\t\t\t\t<\/div>\n\t\t\t\t<\/div>\n\t\t\t\t<div class=\"elementor-element elementor-element-442a321 elementor-widget__width-initial elementor-widget elementor-widget-text-editor\" data-id=\"442a321\" data-element_type=\"widget\" data-e-type=\"widget\" data-widget_type=\"text-editor.default\">\n\t\t\t\t<div class=\"elementor-widget-container\">\n\t\t\t\t\t\t\t\t\t<p data-start=\"395\" data-end=\"571\">El titular no es fa responsable dels possibles errors t\u00e8cnics ni dels danys derivats de l\u2019\u00fas del lloc web, ni de l\u2019acc\u00e9s a enlla\u00e7os externs.<\/p>\t\t\t\t\t\t\t\t<\/div>\n\t\t\t\t<\/div>\n\t\t\t\t<div class=\"elementor-element elementor-element-35395e3 elementor-widget elementor-widget-heading\" data-id=\"35395e3\" data-element_type=\"widget\" data-e-type=\"widget\" data-widget_type=\"heading.default\">\n\t\t\t\t<div class=\"elementor-widget-container\">\n\t\t\t\t\t<h2 class=\"elementor-heading-title elementor-size-default\">6. Legislaci\u00f3 aplicable<\/h2>\t\t\t\t<\/div>\n\t\t\t\t<\/div>\n\t\t\t\t<div class=\"elementor-element elementor-element-02361ff elementor-widget__width-initial elementor-widget elementor-widget-text-editor\" data-id=\"02361ff\" data-element_type=\"widget\" data-e-type=\"widget\" data-widget_type=\"text-editor.default\">\n\t\t\t\t<div class=\"elementor-widget-container\">\n\t\t\t\t\t\t\t\t\t<p data-start=\"395\" data-end=\"571\">Aquest av\u00eds legal es regeix per la legislaci\u00f3 espanyola. Qualsevol controv\u00e8rsia se sotmetr\u00e0 als jutjats i tribunals del domicili del titular.<\/p>\t\t\t\t\t\t\t\t<\/div>\n\t\t\t\t<\/div>\n\t\t\t\t\t<\/div>\n\t\t\t\t<\/div>\n\t\t\t\t<\/div>","protected":false},"excerpt":{"rendered":"<p>AV\u00cdS LEGAL 1. Dades identificatives En compliment del que estableix la Llei 34\/2002, de serveis de la societat de la informaci\u00f3 i de comer\u00e7 electr\u00f2nic (LSSI-CE), s\u2019informa que aquest lloc web \u00e9s propietat de: Titular: FISIOTERAPIA SANT FELIU NIF\/CIF: 46683313Y Domicili: Carrer de la Rectoria, 25, baixos, 08980 Sant Feliu de Llobregat, Barcelona Tel\u00e8fon: 658 [&hellip;]<\/p>\n","protected":false},"author":1,"featured_media":0,"parent":0,"menu_order":0,"comment_status":"closed","ping_status":"closed","template":"elementor_header_footer","meta":{"footnotes":""},"class_list":["post-1039","page","type-page","status-publish","hentry"],"_links":{"self":[{"href":"https:\/\/fisioterapiasantfeliu.com\/es\/wp-json\/wp\/v2\/pages\/1039","targetHints":{"allow":["GET"]}}],"collection":[{"href":"https:\/\/fisioterapiasantfeliu.com\/es\/wp-json\/wp\/v2\/pages"}],"about":[{"href":"https:\/\/fisioterapiasantfeliu.com\/es\/wp-json\/wp\/v2\/types\/page"}],"author":[{"embeddable":true,"href":"https:\/\/fisioterapiasantfeliu.com\/es\/wp-json\/wp\/v2\/users\/1"}],"replies":[{"embeddable":true,"href":"https:\/\/fisioterapiasantfeliu.com\/es\/wp-json\/wp\/v2\/comments?post=1039"}],"version-history":[{"count":5,"href":"https:\/\/fisioterapiasantfeliu.com\/es\/wp-json\/wp\/v2\/pages\/1039\/revisions"}],"predecessor-version":[{"id":1116,"href":"https:\/\/fisioterapiasantfeliu.com\/es\/wp-json\/wp\/v2\/pages\/1039\/revisions\/1116"}],"wp:attachment":[{"href":"https:\/\/fisioterapiasantfeliu.com\/es\/wp-json\/wp\/v2\/media?parent=1039"}],"curies":[{"name":"wp","href":"https:\/\/api.w.org\/{rel}","templated":true}]}}